{"id":688,"date":"2019-03-22T18:44:23","date_gmt":"2019-03-22T18:44:23","guid":{"rendered":"https:\/\/www.starratingforschools.org\/cookie-policy\/"},"modified":"2019-03-22T18:44:23","modified_gmt":"2019-03-22T18:44:23","slug":"cookie-policy","status":"publish","type":"page","link":"https:\/\/starratingforschools.org\/pt\/cookie-policy\/","title":{"rendered":"Pol\u00edtica de Cookies"},"content":{"rendered":"<p>Este site usa cookies - pequenos arquivos de texto que s\u00e3o colocados em sua m\u00e1quina para ajudar o site a fornecer uma melhor experi\u00eancia do usu\u00e1rio. Em geral, os cookies s\u00e3o usados para reter as prefer\u00eancias do usu\u00e1rio, armazenar informa\u00e7\u00f5es para coisas como carrinhos de compras e fornecer dados de rastreamento an\u00f4nimos para aplicativos de terceiros, como o Google Analytics. Como regra, os cookies tornar\u00e3o sua experi\u00eancia de navega\u00e7\u00e3o melhor. No entanto, voc\u00ea pode preferir desativar os cookies neste site e em outros. A maneira mais eficaz de fazer isso \u00e9 desabilitar os cookies do seu navegador. Sugerimos consultar a se\u00e7\u00e3o de Ajuda do seu navegador ou dar uma olhada em <a href=\"http:\/\/www.aboutcookies.org\">o site Sobre Cookies<\/a> que oferece orienta\u00e7\u00e3o para todos os navegadores modernos<\/p>","protected":false},"excerpt":{"rendered":"<p>This site uses cookies &#8211; small text files that are placed on your machine to help the site provide a better user experience. In general, cookies are used to retain user preferences, store information for things like shopping carts, and provide anonymised tracking data to third party applications like Google Analytics. As a rule, cookies [&hellip;]<\/p>\n","protected":false},"author":8,"featured_media":0,"parent":0,"menu_order":0,"comment_status":"closed","ping_status":"closed","template":"","meta":{"_et_pb_use_builder":"","_et_pb_old_content":"","_et_gb_content_width":"","footnotes":""},"class_list":["post-688","page","type-page","status-publish","hentry"],"_links":{"self":[{"href":"https:\/\/starratingforschools.org\/pt\/wp-json\/wp\/v2\/pages\/688","targetHints":{"allow":["GET"]}}],"collection":[{"href":"https:\/\/starratingforschools.org\/pt\/wp-json\/wp\/v2\/pages"}],"about":[{"href":"https:\/\/starratingforschools.org\/pt\/wp-json\/wp\/v2\/types\/page"}],"author":[{"embeddable":true,"href":"https:\/\/starratingforschools.org\/pt\/wp-json\/wp\/v2\/users\/8"}],"replies":[{"embeddable":true,"href":"https:\/\/starratingforschools.org\/pt\/wp-json\/wp\/v2\/comments?post=688"}],"version-history":[{"count":0,"href":"https:\/\/starratingforschools.org\/pt\/wp-json\/wp\/v2\/pages\/688\/revisions"}],"wp:attachment":[{"href":"https:\/\/starratingforschools.org\/pt\/wp-json\/wp\/v2\/media?parent=688"}],"curies":[{"name":"wp","href":"https:\/\/api.w.org\/{rel}","templated":true}]}}