{"id":688,"date":"2019-03-22T18:44:23","date_gmt":"2019-03-22T18:44:23","guid":{"rendered":"https:\/\/www.starratingforschools.org\/cookie-policy\/"},"modified":"2019-03-22T18:44:23","modified_gmt":"2019-03-22T18:44:23","slug":"cookie-policy","status":"publish","type":"page","link":"https:\/\/starratingforschools.org\/es\/cookie-policy\/","title":{"rendered":"Pol\u00edtica de cookies"},"content":{"rendered":"<p>Este sitio utiliza cookies, peque\u00f1os archivos de texto que se colocan en su m\u00e1quina para ayudar al sitio a brindar una mejor experiencia de usuario. En general, las cookies se utilizan para conservar las preferencias del usuario, almacenar informaci\u00f3n para cosas como carritos de compras y proporcionar datos de seguimiento an\u00f3nimos a aplicaciones de terceros como Google Analytics. Como regla general, las cookies mejorar\u00e1n su experiencia de navegaci\u00f3n. Sin embargo, es posible que prefiera deshabilitar las cookies en este sitio y en otros. La forma m\u00e1s eficaz de hacerlo es deshabilitar las cookies en su navegador. Sugerimos consultar la secci\u00f3n de Ayuda de su navegador o echar un vistazo a <a href=\"http:\/\/www.aboutcookies.org\">el sitio web Acerca de las cookies<\/a> que ofrece orientaci\u00f3n para todos los navegadores modernos<\/p>","protected":false},"excerpt":{"rendered":"<p>This site uses cookies &#8211; small text files that are placed on your machine to help the site provide a better user experience. In general, cookies are used to retain user preferences, store information for things like shopping carts, and provide anonymised tracking data to third party applications like Google Analytics. As a rule, cookies [&hellip;]<\/p>\n","protected":false},"author":8,"featured_media":0,"parent":0,"menu_order":0,"comment_status":"closed","ping_status":"closed","template":"","meta":{"_et_pb_use_builder":"","_et_pb_old_content":"","_et_gb_content_width":"","footnotes":""},"class_list":["post-688","page","type-page","status-publish","hentry"],"_links":{"self":[{"href":"https:\/\/starratingforschools.org\/es\/wp-json\/wp\/v2\/pages\/688","targetHints":{"allow":["GET"]}}],"collection":[{"href":"https:\/\/starratingforschools.org\/es\/wp-json\/wp\/v2\/pages"}],"about":[{"href":"https:\/\/starratingforschools.org\/es\/wp-json\/wp\/v2\/types\/page"}],"author":[{"embeddable":true,"href":"https:\/\/starratingforschools.org\/es\/wp-json\/wp\/v2\/users\/8"}],"replies":[{"embeddable":true,"href":"https:\/\/starratingforschools.org\/es\/wp-json\/wp\/v2\/comments?post=688"}],"version-history":[{"count":0,"href":"https:\/\/starratingforschools.org\/es\/wp-json\/wp\/v2\/pages\/688\/revisions"}],"wp:attachment":[{"href":"https:\/\/starratingforschools.org\/es\/wp-json\/wp\/v2\/media?parent=688"}],"curies":[{"name":"gracias","href":"https:\/\/api.w.org\/{rel}","templated":true}]}}